{"id":222,"date":"2021-10-13T14:14:11","date_gmt":"2021-10-13T14:14:11","guid":{"rendered":"https:\/\/cesa.domtombox.net\/?page_id=222"},"modified":"2022-08-17T19:23:35","modified_gmt":"2022-08-17T19:23:35","slug":"agenda","status":"publish","type":"page","link":"https:\/\/cesa.domtombox.net\/?page_id=222","title":{"rendered":"Agenda"},"content":{"rendered":"\n<p><strong>Septembre 2022<\/strong><\/p>\n\n\n\n<ul class=\"wp-block-list\"><li>10 septembre : bourse aux loisirs \u00e0 l&rsquo;archipel \u00e0 Laill\u00e9<\/li><li>10 septembre : forum des associations de Laill\u00e9<\/li><\/ul>\n\n\n\n<p><strong>Octobre 2022<\/strong><\/p>\n\n\n\n<ul class=\"wp-block-list\"><li>15 octobre : Assembl\u00e9e g\u00e9n\u00e9rale annuelle de CESA<\/li><\/ul>\n\n\n\n<p><strong>Novembre 2022<\/strong><\/p>\n\n\n\n<ul class=\"wp-block-list\"><li>26 novembre au 9 d\u00e9cembre : \u00c9tats g\u00e9n\u00e9raux de la vie associative rennaise<\/li><\/ul>\n\n\n\n<p><strong>D\u00e9cembre 2022<\/strong><\/p>\n\n\n\n<ul class=\"wp-block-list\"><li>3 d\u00e9cembre : March\u00e9 du monde<\/li><li>3 d\u00e9cembre : Gala CESA 2022<\/li><\/ul>\n","protected":false},"excerpt":{"rendered":"<p>Septembre 2022 10 septembre : bourse aux loisirs \u00e0 l&rsquo;archipel \u00e0 Laill\u00e9 10 septembre : forum des associations de Laill\u00e9 Octobre 2022 15 octobre : Assembl\u00e9e g\u00e9n\u00e9rale annuelle de CESA Novembre 2022 26 novembre au 9 d\u00e9cembre : \u00c9tats g\u00e9n\u00e9raux de la vie associative rennaise D\u00e9cembre 2022 3 d\u00e9cembre : March\u00e9 du monde 3 d\u00e9cembre &hellip; <\/p>\n<p class=\"link-more\"><a href=\"https:\/\/cesa.domtombox.net\/?page_id=222\" class=\"more-link\">Continuer la lecture<span class=\"screen-reader-text\"> de &laquo;&nbsp;Agenda&nbsp;&raquo;<\/span><\/a><\/p>\n","protected":false},"author":1,"featured_media":0,"parent":18,"menu_order":0,"comment_status":"closed","ping_status":"closed","template":"","meta":{"footnotes":""},"class_list":["post-222","page","type-page","status-publish","hentry"],"_links":{"self":[{"href":"https:\/\/cesa.domtombox.net\/index.php?rest_route=\/wp\/v2\/pages\/222","targetHints":{"allow":["GET"]}}],"collection":[{"href":"https:\/\/cesa.domtombox.net\/index.php?rest_route=\/wp\/v2\/pages"}],"about":[{"href":"https:\/\/cesa.domtombox.net\/index.php?rest_route=\/wp\/v2\/types\/page"}],"author":[{"embeddable":true,"href":"https:\/\/cesa.domtombox.net\/index.php?rest_route=\/wp\/v2\/users\/1"}],"replies":[{"embeddable":true,"href":"https:\/\/cesa.domtombox.net\/index.php?rest_route=%2Fwp%2Fv2%2Fcomments&post=222"}],"version-history":[{"count":3,"href":"https:\/\/cesa.domtombox.net\/index.php?rest_route=\/wp\/v2\/pages\/222\/revisions"}],"predecessor-version":[{"id":258,"href":"https:\/\/cesa.domtombox.net\/index.php?rest_route=\/wp\/v2\/pages\/222\/revisions\/258"}],"up":[{"embeddable":true,"href":"https:\/\/cesa.domtombox.net\/index.php?rest_route=\/wp\/v2\/pages\/18"}],"wp:attachment":[{"href":"https:\/\/cesa.domtombox.net\/index.php?rest_route=%2Fwp%2Fv2%2Fmedia&parent=222"}],"curies":[{"name":"wp","href":"https:\/\/api.w.org\/{rel}","templated":true}]}}