{"id":232,"date":"2021-11-21T17:36:11","date_gmt":"2021-11-21T17:36:11","guid":{"rendered":"https:\/\/cesa.domtombox.net\/?page_id=232"},"modified":"2021-11-22T20:38:50","modified_gmt":"2021-11-22T20:38:50","slug":"dossier-de-presse","status":"publish","type":"page","link":"https:\/\/cesa.domtombox.net\/?page_id=232","title":{"rendered":"Dossier de presse"},"content":{"rendered":"\n<figure class=\"wp-block-image size-full is-style-rounded\"><img loading=\"lazy\" decoding=\"async\" width=\"246\" height=\"290\" src=\"https:\/\/cesa.domtombox.net\/wp-content\/uploads\/2021\/11\/Capture-decran-de-2021-11-21-18-44-13.png\" alt=\"\" class=\"wp-image-237\"\/><\/figure>\n\n\n\n<p>Depuis 2015 date d&rsquo;officialisation de l&rsquo;association CESA BRETAGNE, nous \u0153uvrons pour permettre \u00e0 tous ceux qui en ont le besoin d&rsquo;avoir des conditions de vie meilleures.<br>Mon \u00e9quipe de b\u00e9n\u00e9voles et moi-m\u00eame sommes fiers de faire partie de cette aventure humaine qui est de donner \u00e0 tous le droit \u00e0 la dignit\u00e9, \u00e0 la sant\u00e9, \u00e0 l&rsquo;\u00e9ducation, \u00e0 l&rsquo;espoir d&rsquo;un meilleur avenir.<br>C&rsquo;est ainsi que entre autres, nous :<\/p>\n\n\n\n<ul class=\"wp-block-list\"><li>Parrainons 13 enfants au Cameroun, dont 9 orphelins de guerre<\/li><li>Sommes partenaires d&rsquo;un orphelinat \u00e0 Douala,<\/li><li>Sommes partenaires d&rsquo;un GIC pour Femmes \u00e0 Kribi<\/li><li>Avons pendant le 1er confinement offert \u00e0 manger \u00e0 300 familles dans 2 villages au Cameroun,<\/li><li>Organisons des voyages solidaires, en participant aux projets de d\u00e9veloppement tout en faisant du tourisme solidaire,<\/li><li>Organisons des campagnes de sensibilisation sanitaire, notamment en 2022 en partenariat avec les Opticiens Afflelou et Optic 2000, dans le cadre d&rsquo;une campagne de sensibilisation optique et dentaire, nous offrirons 400 paires de lunettes de vue aux populations sur place, en plus d&rsquo;une campagne de diagnostic dentaire.<\/li><\/ul>\n\n\n\n<p>C&rsquo;est en ce sens que j&rsquo;encourage toutes les personnes, notamment dans le milieu m\u00e9dical, qui souhaitent s&rsquo;engager &#8211; afin d&rsquo;apporter une contribution quelle qu&rsquo;elle soit, pour am\u00e9liorer les conditions de vie de ces femmes et enfants &#8211; , \u00e0 se joindre \u00e0 nous.<\/p>\n\n\n\n<p>Solidairement,<br>Marlise FOUCAULT<\/p>\n\n\n\n<figure class=\"wp-block-image size-full\"><img loading=\"lazy\" decoding=\"async\" width=\"790\" height=\"492\" src=\"https:\/\/cesa.domtombox.net\/wp-content\/uploads\/2021\/11\/Capture-decran-de-2021-11-21-18-45-06.png\" alt=\"\" class=\"wp-image-238\" srcset=\"https:\/\/cesa.domtombox.net\/wp-content\/uploads\/2021\/11\/Capture-decran-de-2021-11-21-18-45-06.png 790w, https:\/\/cesa.domtombox.net\/wp-content\/uploads\/2021\/11\/Capture-decran-de-2021-11-21-18-45-06-300x187.png 300w, https:\/\/cesa.domtombox.net\/wp-content\/uploads\/2021\/11\/Capture-decran-de-2021-11-21-18-45-06-768x478.png 768w\" sizes=\"auto, (max-width: 767px) 89vw, (max-width: 1000px) 54vw, (max-width: 1071px) 543px, 580px\" \/><\/figure>\n\n\n\n<p>Le dossier de presse dans son int\u00e9gralit\u00e9 : <\/p>\n\n\n\n<div data-wp-interactive=\"core\/file\" class=\"wp-block-file\"><object data-wp-bind--hidden=\"!state.hasPdfPreview\" hidden class=\"wp-block-file__embed\" data=\"https:\/\/cesa.domtombox.net\/wp-content\/uploads\/2021\/11\/Dossier-de-Presse-2021.pdf\" type=\"application\/pdf\" style=\"width:100%;height:600px\" aria-label=\"Contenu embarqu\u00e9 Contenu embarqu\u00e9 Dossier-de-Presse-2021..\"><\/object><a href=\"https:\/\/cesa.domtombox.net\/wp-content\/uploads\/2021\/11\/Dossier-de-Presse-2021.pdf\">Dossier-de-Presse-2021<\/a><a href=\"https:\/\/cesa.domtombox.net\/wp-content\/uploads\/2021\/11\/Dossier-de-Presse-2021.pdf\" class=\"wp-block-file__button\" download>T\u00e9l\u00e9charger<\/a><\/div>\n","protected":false},"excerpt":{"rendered":"<p>Depuis 2015 date d&rsquo;officialisation de l&rsquo;association CESA BRETAGNE, nous \u0153uvrons pour permettre \u00e0 tous ceux qui en ont le besoin d&rsquo;avoir des conditions de vie meilleures.Mon \u00e9quipe de b\u00e9n\u00e9voles et moi-m\u00eame sommes fiers de faire partie de cette aventure humaine qui est de donner \u00e0 tous le droit \u00e0 la dignit\u00e9, \u00e0 la sant\u00e9, \u00e0 &hellip; <\/p>\n<p class=\"link-more\"><a href=\"https:\/\/cesa.domtombox.net\/?page_id=232\" class=\"more-link\">Continuer la lecture<span class=\"screen-reader-text\"> de &laquo;&nbsp;Dossier de presse&nbsp;&raquo;<\/span><\/a><\/p>\n","protected":false},"author":1,"featured_media":0,"parent":0,"menu_order":0,"comment_status":"closed","ping_status":"closed","template":"","meta":{"footnotes":""},"class_list":["post-232","page","type-page","status-publish","hentry"],"_links":{"self":[{"href":"https:\/\/cesa.domtombox.net\/index.php?rest_route=\/wp\/v2\/pages\/232","targetHints":{"allow":["GET"]}}],"collection":[{"href":"https:\/\/cesa.domtombox.net\/index.php?rest_route=\/wp\/v2\/pages"}],"about":[{"href":"https:\/\/cesa.domtombox.net\/index.php?rest_route=\/wp\/v2\/types\/page"}],"author":[{"embeddable":true,"href":"https:\/\/cesa.domtombox.net\/index.php?rest_route=\/wp\/v2\/users\/1"}],"replies":[{"embeddable":true,"href":"https:\/\/cesa.domtombox.net\/index.php?rest_route=%2Fwp%2Fv2%2Fcomments&post=232"}],"version-history":[{"count":5,"href":"https:\/\/cesa.domtombox.net\/index.php?rest_route=\/wp\/v2\/pages\/232\/revisions"}],"predecessor-version":[{"id":243,"href":"https:\/\/cesa.domtombox.net\/index.php?rest_route=\/wp\/v2\/pages\/232\/revisions\/243"}],"wp:attachment":[{"href":"https:\/\/cesa.domtombox.net\/index.php?rest_route=%2Fwp%2Fv2%2Fmedia&parent=232"}],"curies":[{"name":"wp","href":"https:\/\/api.w.org\/{rel}","templated":true}]}}